{"id":89396,"date":"2023-01-26T19:50:29","date_gmt":"2023-01-26T18:50:29","guid":{"rendered":"https:\/\/www.axismundi.si\/get-to-know-us\/"},"modified":"2023-10-17T20:05:26","modified_gmt":"2023-10-17T18:05:26","slug":"get-to-know-us","status":"publish","type":"page","link":"https:\/\/www.axismundi.si\/en\/get-to-know-us\/","title":{"rendered":"Get to know us"},"content":{"rendered":"\t\t<div data-elementor-type=\"wp-page\" data-elementor-id=\"89396\" class=\"elementor elementor-89396 elementor-85173\" data-elementor-post-type=\"page\">\n\t\t\t\t\t\t<section class=\"elementor-section elementor-top-section elementor-element elementor-element-1cd1135 elementor-section-boxed elementor-section-height-default elementor-section-height-default\" data-id=\"1cd1135\" data-element_type=\"section\" data-e-type=\"section\">\n\t\t\t\t\t\t<div class=\"elementor-container elementor-column-gap-wide\">\n\t\t\t\t\t<div class=\"elementor-column elementor-col-100 elementor-top-column elementor-element elementor-element-3ea7c076\" data-id=\"3ea7c076\" data-element_type=\"column\" data-e-type=\"column\">\n\t\t\t<div class=\"elementor-widget-wrap elementor-element-populated\">\n\t\t\t\t\t\t<div class=\"elementor-element elementor-element-279e320a elementor-widget elementor-widget-heading\" data-id=\"279e320a\" data-element_type=\"widget\" data-e-type=\"widget\" data-widget_type=\"heading.default\">\n\t\t\t\t<div class=\"elementor-widget-container\">\n\t\t\t\t\t<h3 class=\"elementor-heading-title elementor-size-default\">A dedicated team always by your side<\/h3>\t\t\t\t<\/div>\n\t\t\t\t<\/div>\n\t\t\t\t\t<\/div>\n\t\t<\/div>\n\t\t\t\t\t<\/div>\n\t\t<\/section>\n\t\t\t\t<section class=\"elementor-section elementor-top-section elementor-element elementor-element-0df14fb elementor-section-boxed elementor-section-height-default elementor-section-height-default\" data-id=\"0df14fb\" data-element_type=\"section\" data-e-type=\"section\">\n\t\t\t\t\t\t<div class=\"elementor-container elementor-column-gap-default\">\n\t\t\t\t\t<div class=\"elementor-column elementor-col-100 elementor-top-column elementor-element elementor-element-1163056\" data-id=\"1163056\" data-element_type=\"column\" data-e-type=\"column\">\n\t\t\t<div class=\"elementor-widget-wrap elementor-element-populated\">\n\t\t\t\t\t\t<div class=\"elementor-element elementor-element-eb9c3da elementor-widget elementor-widget-text-editor\" data-id=\"eb9c3da\" data-element_type=\"widget\" data-e-type=\"widget\" data-widget_type=\"text-editor.default\">\n\t\t\t\t<div class=\"elementor-widget-container\">\n\t\t\t\t\t\t\t\t\t<h5>Do you have a question, need advice, or want us to make you an offer? Would you like to discuss good real-life examples, see some of the products live in the showroom? Contact us one way or another, we always look forward to hearing from you!<\/h5>\n\t\t\t\t\t\t\t\t<\/div>\n\t\t\t\t<\/div>\n\t\t\t\t\t<\/div>\n\t\t<\/div>\n\t\t\t\t\t<\/div>\n\t\t<\/section>\n\t\t\t\t<section class=\"elementor-section elementor-top-section elementor-element elementor-element-4af29210 elementor-section-boxed elementor-section-height-default elementor-section-height-default\" data-id=\"4af29210\" data-element_type=\"section\" data-e-type=\"section\">\n\t\t\t\t\t\t<div class=\"elementor-container elementor-column-gap-wide\">\n\t\t\t\t\t<div class=\"elementor-column elementor-col-100 elementor-top-column elementor-element elementor-element-339e37b4\" data-id=\"339e37b4\" data-element_type=\"column\" data-e-type=\"column\">\n\t\t\t<div class=\"elementor-widget-wrap elementor-element-populated\">\n\t\t\t\t\t\t<div class=\"elementor-element elementor-element-7298a9b0 image-vertical-align-center img-align-top slide-h-position-mobile-center icon-box-vertical-align-top preserve-img-ratio-cover slide-h-position-left elementor-widget elementor-widget-the7-elements-simple-posts\" data-id=\"7298a9b0\" data-element_type=\"widget\" data-e-type=\"widget\" data-widget_type=\"the7-elements-simple-posts.default\">\n\t\t\t\t<div class=\"elementor-widget-container\">\n\t\t\t\t\t<div class=\"the7-simple-widget-posts the7-elementor-widget the7-elements-simple-posts-7298a9b0 jquery-filter jquery-filter\" data-post-limit=\"8\" data-pagination-mode=\"load-more\" data-scroll-offset=\"\" aria-live=\"assertive\">\t\t\t<div class=\"dt-css-grid custom-pagination-handler\" data-columns=\"{&quot;d&quot;:4,&quot;t&quot;:3,&quot;p&quot;:1,&quot;wd&quot;:&quot;&quot;}\">\n\t\t\t\t\t\t\t\t\t<div class=\"wf-cell visible \">\n\t\t\t\t\t\t<article class=\"post visible wrapper post-89469 team type-team status-publish has-post-thumbnail hentry team_categories-director description-off\">\n\n\t\t\t\t\t\t\t<div class=\"post-content-wrapper\">\n\t\t\t\t\t\t\t\t\t\t\t\t\t\t\t\t\t<div class=\"the7-simple-post-thumb\">\n\t\t\t\t\t\t\t\t\t\t<div class=\"post-thumbnail-rollover layzr-bg img-css-resize-wrapper not-clickable-item\" aria-label=\"Post image\"><img fetchpriority=\"high\" decoding=\"async\" width=\"1106\" height=\"1433\" src=\"data:image\/svg+xml,%3Csvg%20xmlns%3D&#039;http%3A%2F%2Fwww.w3.org%2F2000%2Fsvg&#039;%20viewBox%3D&#039;0%200%201106%201433&#039;%2F%3E\" class=\"attachment-full size-full preload-me aspect lazy lazy-load\" alt=\"\" sizes=\"(max-width: 1106px) 100vw, 1106px\" style=\"--ratio: 1106 \/ 1433;\" data-src=\"https:\/\/www.axismundi.si\/wp-content\/uploads\/2023\/01\/Sandi.jpg\" loading=\"eager\" data-srcset=\"https:\/\/www.axismundi.si\/wp-content\/uploads\/2023\/01\/Sandi.jpg 1106w, https:\/\/www.axismundi.si\/wp-content\/uploads\/2023\/01\/Sandi-232x300.jpg 232w, https:\/\/www.axismundi.si\/wp-content\/uploads\/2023\/01\/Sandi-790x1024.jpg 790w, https:\/\/www.axismundi.si\/wp-content\/uploads\/2023\/01\/Sandi-768x995.jpg 768w\" \/><span class=\"the7-hover-icon\"><\/span><\/div>\t\t\t\t\t\t\t\t\t<\/div>\n\t\t\t\t\t\t\t\t\t\t\t\t\t\t\t\t<div class=\"post-entry-content\">\n\t\t\t\t\t\t\t\t\t<h5 class=\"heading\"><span title=\"Sandi Novak, MSc\" class=\"post-title\">Sandi Novak, MSc<\/span><\/h5><p class=\"short-description\">CEO\n<br><a href=\"tel:+386%2040%20620%20680\">+386 40 620 680<\/a>\n<br><a href=\"mailto:sandi@axismundi.si\">sandi@axismundi.si<\/a><\/p>\t\t\t\t\t\t\t\t<\/div>\n\t\t\t\t\t\t\t<\/div>\n\t\t\t\t\t\t<\/article>\n\t\t\t\t\t<\/div>\t\t\t\t\t\t\t\t\t\t<div class=\"wf-cell visible \">\n\t\t\t\t\t\t<article class=\"post visible wrapper post-89470 team type-team status-publish has-post-thumbnail hentry team_categories-marketing-manager description-off\">\n\n\t\t\t\t\t\t\t<div class=\"post-content-wrapper\">\n\t\t\t\t\t\t\t\t\t\t\t\t\t\t\t\t\t<div class=\"the7-simple-post-thumb\">\n\t\t\t\t\t\t\t\t\t\t<div class=\"post-thumbnail-rollover layzr-bg img-css-resize-wrapper not-clickable-item\" aria-label=\"Post image\"><img decoding=\"async\" width=\"1106\" height=\"1433\" src=\"data:image\/svg+xml,%3Csvg%20xmlns%3D&#039;http%3A%2F%2Fwww.w3.org%2F2000%2Fsvg&#039;%20viewBox%3D&#039;0%200%201106%201433&#039;%2F%3E\" class=\"attachment-full size-full preload-me aspect lazy lazy-load\" alt=\"\" sizes=\"(max-width: 1106px) 100vw, 1106px\" style=\"--ratio: 1106 \/ 1433;\" data-src=\"https:\/\/www.axismundi.si\/wp-content\/uploads\/2023\/01\/Renata2.jpg\" loading=\"eager\" data-srcset=\"https:\/\/www.axismundi.si\/wp-content\/uploads\/2023\/01\/Renata2.jpg 1106w, https:\/\/www.axismundi.si\/wp-content\/uploads\/2023\/01\/Renata2-232x300.jpg 232w, https:\/\/www.axismundi.si\/wp-content\/uploads\/2023\/01\/Renata2-790x1024.jpg 790w, https:\/\/www.axismundi.si\/wp-content\/uploads\/2023\/01\/Renata2-768x995.jpg 768w\" \/><span class=\"the7-hover-icon\"><\/span><\/div>\t\t\t\t\t\t\t\t\t<\/div>\n\t\t\t\t\t\t\t\t\t\t\t\t\t\t\t\t<div class=\"post-entry-content\">\n\t\t\t\t\t\t\t\t\t<h5 class=\"heading\"><span title=\"Renata Novak, MSc\" class=\"post-title\">Renata Novak, MSc<\/span><\/h5><p class=\"short-description\">Marketing Manager\n<br><a href=\"tel:+386%2041%20688%20866\">+386 41 688 866<\/a>\n<br><a href=\"mailto:renata@axismundi.si\">renata@axismundi.si<\/a><\/p>\t\t\t\t\t\t\t\t<\/div>\n\t\t\t\t\t\t\t<\/div>\n\t\t\t\t\t\t<\/article>\n\t\t\t\t\t<\/div>\t\t\t\t\t\t\t\t\t\t<div class=\"wf-cell visible \">\n\t\t\t\t\t\t<article class=\"post visible wrapper post-89471 team type-team status-publish has-post-thumbnail hentry team_categories-business-development description-off\">\n\n\t\t\t\t\t\t\t<div class=\"post-content-wrapper\">\n\t\t\t\t\t\t\t\t\t\t\t\t\t\t\t\t\t<div class=\"the7-simple-post-thumb\">\n\t\t\t\t\t\t\t\t\t\t<div class=\"post-thumbnail-rollover layzr-bg img-css-resize-wrapper not-clickable-item\" aria-label=\"Post image\"><img decoding=\"async\" width=\"1106\" height=\"1433\" src=\"data:image\/svg+xml,%3Csvg%20xmlns%3D&#039;http%3A%2F%2Fwww.w3.org%2F2000%2Fsvg&#039;%20viewBox%3D&#039;0%200%201106%201433&#039;%2F%3E\" class=\"attachment-full size-full preload-me aspect lazy lazy-load\" alt=\"\" sizes=\"(max-width: 1106px) 100vw, 1106px\" style=\"--ratio: 1106 \/ 1433;\" data-src=\"https:\/\/www.axismundi.si\/wp-content\/uploads\/2023\/01\/Borut2.jpg\" loading=\"eager\" data-srcset=\"https:\/\/www.axismundi.si\/wp-content\/uploads\/2023\/01\/Borut2.jpg 1106w, https:\/\/www.axismundi.si\/wp-content\/uploads\/2023\/01\/Borut2-232x300.jpg 232w, https:\/\/www.axismundi.si\/wp-content\/uploads\/2023\/01\/Borut2-790x1024.jpg 790w, https:\/\/www.axismundi.si\/wp-content\/uploads\/2023\/01\/Borut2-768x995.jpg 768w\" \/><span class=\"the7-hover-icon\"><\/span><\/div>\t\t\t\t\t\t\t\t\t<\/div>\n\t\t\t\t\t\t\t\t\t\t\t\t\t\t\t\t<div class=\"post-entry-content\">\n\t\t\t\t\t\t\t\t\t<h5 class=\"heading\"><span title=\"Borut Haclar\" class=\"post-title\">Borut Haclar<\/span><\/h5><p class=\"short-description\">Business Development\n<br><a href=\"tel:+386%2041%20757%20261\">+386 41 757 261<\/a>\n<br><a href=\"mailto:borut@axismundi.si\">borut@axismundi.si<\/a><\/p>\t\t\t\t\t\t\t\t<\/div>\n\t\t\t\t\t\t\t<\/div>\n\t\t\t\t\t\t<\/article>\n\t\t\t\t\t<\/div>\t\t\t\t\t\t\t\t\t\t<div class=\"wf-cell visible \">\n\t\t\t\t\t\t<article class=\"post visible wrapper post-89888 team type-team status-publish has-post-thumbnail hentry team_categories-external-sales-consultant description-off\">\n\n\t\t\t\t\t\t\t<div class=\"post-content-wrapper\">\n\t\t\t\t\t\t\t\t\t\t\t\t\t\t\t\t\t<div class=\"the7-simple-post-thumb\">\n\t\t\t\t\t\t\t\t\t\t<div class=\"post-thumbnail-rollover layzr-bg img-css-resize-wrapper not-clickable-item\" aria-label=\"Post image\"><img decoding=\"async\" width=\"1002\" height=\"1252\" src=\"data:image\/svg+xml,%3Csvg%20xmlns%3D&#039;http%3A%2F%2Fwww.w3.org%2F2000%2Fsvg&#039;%20viewBox%3D&#039;0%200%201002%201252&#039;%2F%3E\" class=\"attachment-full size-full preload-me aspect lazy lazy-load\" alt=\"Ale\u0161 Jur\u0161i\u010d\" sizes=\"(max-width: 1002px) 100vw, 1002px\" style=\"--ratio: 1002 \/ 1252;\" data-src=\"https:\/\/www.axismundi.si\/wp-content\/uploads\/2023\/01\/Ales-2-1.jpg\" loading=\"eager\" data-srcset=\"https:\/\/www.axismundi.si\/wp-content\/uploads\/2023\/01\/Ales-2-1.jpg 1002w, https:\/\/www.axismundi.si\/wp-content\/uploads\/2023\/01\/Ales-2-1-240x300.jpg 240w, https:\/\/www.axismundi.si\/wp-content\/uploads\/2023\/01\/Ales-2-1-820x1024.jpg 820w, https:\/\/www.axismundi.si\/wp-content\/uploads\/2023\/01\/Ales-2-1-768x960.jpg 768w\" \/><span class=\"the7-hover-icon\"><\/span><\/div>\t\t\t\t\t\t\t\t\t<\/div>\n\t\t\t\t\t\t\t\t\t\t\t\t\t\t\t\t<div class=\"post-entry-content\">\n\t\t\t\t\t\t\t\t\t<h5 class=\"heading\"><span title=\"Ale\u0161 Jur\u0161i\u010d\" class=\"post-title\">Ale\u0161 Jur\u0161i\u010d<\/span><\/h5><p class=\"short-description\">External Sales Consultant<br>\r\n<a href=\"tel:+38641613054\">+386 41 613 054<\/a><br>\r\n<a href=\"mailto:alesj.jursic@gmail.com\">alesj.jursic@gmail.com<\/a><\/p>\t\t\t\t\t\t\t\t<\/div>\n\t\t\t\t\t\t\t<\/div>\n\t\t\t\t\t\t<\/article>\n\t\t\t\t\t<\/div>\t\t\t\t\t\t\t\t\t\t<div class=\"wf-cell visible \">\n\t\t\t\t\t\t<article class=\"post visible wrapper post-89472 team type-team status-publish has-post-thumbnail hentry team_categories-head-of-office description-off\">\n\n\t\t\t\t\t\t\t<div class=\"post-content-wrapper\">\n\t\t\t\t\t\t\t\t\t\t\t\t\t\t\t\t\t<div class=\"the7-simple-post-thumb\">\n\t\t\t\t\t\t\t\t\t\t<div class=\"post-thumbnail-rollover layzr-bg img-css-resize-wrapper not-clickable-item\" aria-label=\"Post image\"><img decoding=\"async\" width=\"1106\" height=\"1432\" src=\"data:image\/svg+xml,%3Csvg%20xmlns%3D&#039;http%3A%2F%2Fwww.w3.org%2F2000%2Fsvg&#039;%20viewBox%3D&#039;0%200%201106%201432&#039;%2F%3E\" class=\"attachment-full size-full preload-me aspect lazy lazy-load\" alt=\"\" sizes=\"(max-width: 1106px) 100vw, 1106px\" style=\"--ratio: 1106 \/ 1432;\" data-src=\"https:\/\/www.axismundi.si\/wp-content\/uploads\/2023\/01\/Metka-Fridl.jpg\" loading=\"eager\" data-srcset=\"https:\/\/www.axismundi.si\/wp-content\/uploads\/2023\/01\/Metka-Fridl.jpg 1106w, https:\/\/www.axismundi.si\/wp-content\/uploads\/2023\/01\/Metka-Fridl-232x300.jpg 232w, https:\/\/www.axismundi.si\/wp-content\/uploads\/2023\/01\/Metka-Fridl-791x1024.jpg 791w, https:\/\/www.axismundi.si\/wp-content\/uploads\/2023\/01\/Metka-Fridl-768x994.jpg 768w\" \/><span class=\"the7-hover-icon\"><\/span><\/div>\t\t\t\t\t\t\t\t\t<\/div>\n\t\t\t\t\t\t\t\t\t\t\t\t\t\t\t\t<div class=\"post-entry-content\">\n\t\t\t\t\t\t\t\t\t<h5 class=\"heading\"><span title=\"Metka Fridl\" class=\"post-title\">Metka Fridl<\/span><\/h5><p class=\"short-description\">Head of Office<br><a href=\"tel:+38615607644\">+386 1 560 76 44<\/a><br><a href=\"mailto:metka@axismundi.si\">metka@axismundi.si<\/a><\/p>\t\t\t\t\t\t\t\t<\/div>\n\t\t\t\t\t\t\t<\/div>\n\t\t\t\t\t\t<\/article>\n\t\t\t\t\t<\/div>\t\t\t\t\t\t\t\t\t\t<div class=\"wf-cell visible \">\n\t\t\t\t\t\t<article class=\"post visible wrapper post-89473 team type-team status-publish has-post-thumbnail hentry team_categories-content-marketing description-off\">\n\n\t\t\t\t\t\t\t<div class=\"post-content-wrapper\">\n\t\t\t\t\t\t\t\t\t\t\t\t\t\t\t\t\t<div class=\"the7-simple-post-thumb\">\n\t\t\t\t\t\t\t\t\t\t<div class=\"post-thumbnail-rollover layzr-bg img-css-resize-wrapper not-clickable-item\" aria-label=\"Post image\"><img decoding=\"async\" width=\"1106\" height=\"1433\" src=\"data:image\/svg+xml,%3Csvg%20xmlns%3D&#039;http%3A%2F%2Fwww.w3.org%2F2000%2Fsvg&#039;%20viewBox%3D&#039;0%200%201106%201433&#039;%2F%3E\" class=\"attachment-full size-full preload-me aspect lazy lazy-load\" alt=\"\" sizes=\"(max-width: 1106px) 100vw, 1106px\" style=\"--ratio: 1106 \/ 1433;\" data-src=\"https:\/\/www.axismundi.si\/wp-content\/uploads\/2023\/01\/Veronika.jpg\" loading=\"eager\" data-srcset=\"https:\/\/www.axismundi.si\/wp-content\/uploads\/2023\/01\/Veronika.jpg 1106w, https:\/\/www.axismundi.si\/wp-content\/uploads\/2023\/01\/Veronika-232x300.jpg 232w, https:\/\/www.axismundi.si\/wp-content\/uploads\/2023\/01\/Veronika-790x1024.jpg 790w, https:\/\/www.axismundi.si\/wp-content\/uploads\/2023\/01\/Veronika-768x995.jpg 768w\" \/><span class=\"the7-hover-icon\"><\/span><\/div>\t\t\t\t\t\t\t\t\t<\/div>\n\t\t\t\t\t\t\t\t\t\t\t\t\t\t\t\t<div class=\"post-entry-content\">\n\t\t\t\t\t\t\t\t\t<h5 class=\"heading\"><span title=\"Veronika Mikec\" class=\"post-title\">Veronika Mikec<\/span><\/h5><p class=\"short-description\">Content Marketing\n<br><a href=\"tel:+386%201%20560%2076%2044\">+386 1 560 76 44<\/a>\n<br><a href=\"mailto:info@axismundi.si\">info@axismundi.si<\/a><\/p>\t\t\t\t\t\t\t\t<\/div>\n\t\t\t\t\t\t\t<\/div>\n\t\t\t\t\t\t<\/article>\n\t\t\t\t\t<\/div>\t\t\t\t\t\t\t\t\t\t<div class=\"wf-cell visible \">\n\t\t\t\t\t\t<article class=\"post visible wrapper post-89474 team type-team status-publish has-post-thumbnail hentry team_categories-expert-in-dog-matters description-off\">\n\n\t\t\t\t\t\t\t<div class=\"post-content-wrapper\">\n\t\t\t\t\t\t\t\t\t\t\t\t\t\t\t\t\t<div class=\"the7-simple-post-thumb\">\n\t\t\t\t\t\t\t\t\t\t<div class=\"post-thumbnail-rollover layzr-bg img-css-resize-wrapper not-clickable-item\" aria-label=\"Post image\"><img decoding=\"async\" width=\"1106\" height=\"1433\" src=\"data:image\/svg+xml,%3Csvg%20xmlns%3D&#039;http%3A%2F%2Fwww.w3.org%2F2000%2Fsvg&#039;%20viewBox%3D&#039;0%200%201106%201433&#039;%2F%3E\" class=\"attachment-full size-full preload-me aspect lazy lazy-load\" alt=\"\" sizes=\"(max-width: 1106px) 100vw, 1106px\" style=\"--ratio: 1106 \/ 1433;\" data-src=\"https:\/\/www.axismundi.si\/wp-content\/uploads\/2023\/09\/Roma.jpg\" loading=\"eager\" data-srcset=\"https:\/\/www.axismundi.si\/wp-content\/uploads\/2023\/09\/Roma.jpg 1106w, https:\/\/www.axismundi.si\/wp-content\/uploads\/2023\/09\/Roma-232x300.jpg 232w, https:\/\/www.axismundi.si\/wp-content\/uploads\/2023\/09\/Roma-790x1024.jpg 790w, https:\/\/www.axismundi.si\/wp-content\/uploads\/2023\/09\/Roma-768x995.jpg 768w\" \/><span class=\"the7-hover-icon\"><\/span><\/div>\t\t\t\t\t\t\t\t\t<\/div>\n\t\t\t\t\t\t\t\t\t\t\t\t\t\t\t\t<div class=\"post-entry-content\">\n\t\t\t\t\t\t\t\t\t<h5 class=\"heading\"><span title=\"Roma\" class=\"post-title\">Roma<\/span><\/h5><p class=\"short-description\">Expert in Dog Matters<br>\n\"Woof\"<\/p>\t\t\t\t\t\t\t\t<\/div>\n\t\t\t\t\t\t\t<\/div>\n\t\t\t\t\t\t<\/article>\n\t\t\t\t\t<\/div>\t\t\t\t\t\t\t\t<\/div>\n\t\t<div class=\"paginator filter-decorations paginator-more-button filter-pointer-background\">\n\t\t\t\t<a class=\"button-load-more highlighted filter-item\" href=\"javascript:void(0);\" data-dt-page=\"1\" ><span class=\"button-caption\">Load more<\/span><\/a>\n\t\t\t<\/div><\/div>\t\t\t\t<\/div>\n\t\t\t\t<\/div>\n\t\t\t\t\t<\/div>\n\t\t<\/div>\n\t\t\t\t\t<\/div>\n\t\t<\/section>\n\t\t\t\t<section class=\"elementor-section elementor-top-section elementor-element elementor-element-6550a13f elementor-section-boxed elementor-section-height-default elementor-section-height-default\" data-id=\"6550a13f\" data-element_type=\"section\" data-e-type=\"section\" data-settings=\"{&quot;background_background&quot;:&quot;classic&quot;}\">\n\t\t\t\t\t\t<div class=\"elementor-container elementor-column-gap-wide\">\n\t\t\t\t\t<div class=\"elementor-column elementor-col-100 elementor-top-column elementor-element elementor-element-c24dd70\" data-id=\"c24dd70\" data-element_type=\"column\" data-e-type=\"column\">\n\t\t\t<div class=\"elementor-widget-wrap elementor-element-populated\">\n\t\t\t\t\t\t<div class=\"elementor-element elementor-element-3cc61028 elementor-widget elementor-widget-heading\" data-id=\"3cc61028\" data-element_type=\"widget\" data-e-type=\"widget\" data-widget_type=\"heading.default\">\n\t\t\t\t<div class=\"elementor-widget-container\">\n\t\t\t\t\t<h3 class=\"elementor-heading-title elementor-size-default\">The principles by which we collaborate with you <\/h3>\t\t\t\t<\/div>\n\t\t\t\t<\/div>\n\t\t\t\t\t<\/div>\n\t\t<\/div>\n\t\t\t\t\t<\/div>\n\t\t<\/section>\n\t\t\t\t<section class=\"elementor-section elementor-top-section elementor-element elementor-element-3e25774d elementor-section-boxed elementor-section-height-default elementor-section-height-default\" data-id=\"3e25774d\" data-element_type=\"section\" data-e-type=\"section\" data-settings=\"{&quot;background_background&quot;:&quot;classic&quot;}\">\n\t\t\t\t\t\t<div class=\"elementor-container elementor-column-gap-wide\">\n\t\t\t\t\t<div class=\"elementor-column elementor-col-100 elementor-top-column elementor-element elementor-element-b743c5c\" data-id=\"b743c5c\" data-element_type=\"column\" data-e-type=\"column\">\n\t\t\t<div class=\"elementor-widget-wrap elementor-element-populated\">\n\t\t\t\t\t\t<div class=\"elementor-element elementor-element-5a69715b content-align-tablet-left icon-vertical-align-tablet-start icon-position-top content-align-left icon-box-vertical-align-top icon-vertical-align-start elementor-widget elementor-widget-the7_icon_box_grid_widget\" data-id=\"5a69715b\" data-element_type=\"widget\" data-e-type=\"widget\" data-widget_type=\"the7_icon_box_grid_widget.default\">\n\t\t\t\t<div class=\"elementor-widget-container\">\n\t\t\t\t\t<div class=\"the7-box-grid-wrapper the7-elementor-widget loading-effect-none the7_icon_box_grid_widget-5a69715b widget-divider-on\">\t\t\t<div class=\"dt-css-grid\">\n\t\t\t\t\t\t\t\t\t<div class=\"wf-cell shown\">\n\t\t\t\t\t\t<div class=\"the7-icon-box-grid\">\t\t\t\t\t\t\t<div class=\"box-content-wrapper\">\n\t\t\t\t\t\t\t\t\t\t\t\t\t\t\t\t\t<a class=\"elementor-icon-div\" aria-label=\"We make your wishes come true\">\t\t\t\t\t\t\t\t\t\t<div class=\"elementor-icon\">\n\t\t\t\t\t\t\t\t\t\t\t\t\t\t\t\t\t\t\t\t\t<\/div>\n\t\t\t\t\t\t\t\t\t<\/a>\t\t\t\t\t\t\t\t\t\t\t\t\t\t\t\t<div class=\"box-content\">\n\t\t\t\t\t\t\t\t\t\t\t\t\t\t\t\t\t\t\t\t\t\t\t\t\t\t\t\t\t<h4 class=\"box-heading\">\n\t\t\t\t\t\t\t\t\t\t\t<a aria-label=\"We make your wishes come true\">\t\t\t\t\t\t\t\t\t\t\t\tWe make your wishes come true\t\t\t\t\t\t\t\t\t\t\t<\/a>\t\t\t\t\t\t\t\t\t\t<\/h4>\n\t\t\t\t\t\t\t\t\t\t\t\t\t\t\t\t\t\t\t\t\t\t\t\t\t\t\t\t<div class=\"box-description\">There are plenty of opportunities for corporate gifting, as well as products you can give on behalf of your company. Depending on the specific purpose or occasion, we can advise you and develop solutions that are in line with your communication strategy.<\/div>\n\t\t\t\t\t\t\t\t\t\t\t\t\t\t\t\t\t\t\t\t\t\t\t\t\t\t<\/div>\n\t\t\t\t\t\t\t<\/div>\n\t\t\t\t\t\t<\/div>\t\t\t\t\t<\/div>\n\t\t\t\t\t\t\t\t\t<div class=\"wf-cell shown\">\n\t\t\t\t\t\t<div class=\"the7-icon-box-grid\">\t\t\t\t\t\t\t<div class=\"box-content-wrapper\">\n\t\t\t\t\t\t\t\t\t\t\t\t\t\t\t\t\t<a class=\"elementor-icon-div\" aria-label=\"Personal communication\">\t\t\t\t\t\t\t\t\t\t<div class=\"elementor-icon\">\n\t\t\t\t\t\t\t\t\t\t\t\t\t\t\t\t\t\t\t\t\t<\/div>\n\t\t\t\t\t\t\t\t\t<\/a>\t\t\t\t\t\t\t\t\t\t\t\t\t\t\t\t<div class=\"box-content\">\n\t\t\t\t\t\t\t\t\t\t\t\t\t\t\t\t\t\t\t\t\t\t\t\t\t\t\t\t\t<h4 class=\"box-heading\">\n\t\t\t\t\t\t\t\t\t\t\t<a aria-label=\"Personal communication\">\t\t\t\t\t\t\t\t\t\t\t\tPersonal communication\t\t\t\t\t\t\t\t\t\t\t<\/a>\t\t\t\t\t\t\t\t\t\t<\/h4>\n\t\t\t\t\t\t\t\t\t\t\t\t\t\t\t\t\t\t\t\t\t\t\t\t\t\t\t\t<div class=\"box-description\">We always strive to develop partnerships, as these bring deeper mutual understanding and trust. This leads to clear and understandable communication, which leads to good cooperation and mutual satisfaction on projects. <\/div>\n\t\t\t\t\t\t\t\t\t\t\t\t\t\t\t\t\t\t\t\t\t\t\t\t\t\t<\/div>\n\t\t\t\t\t\t\t<\/div>\n\t\t\t\t\t\t<\/div>\t\t\t\t\t<\/div>\n\t\t\t\t\t\t\t\t\t<div class=\"wf-cell shown\">\n\t\t\t\t\t\t<div class=\"the7-icon-box-grid\">\t\t\t\t\t\t\t<div class=\"box-content-wrapper\">\n\t\t\t\t\t\t\t\t\t\t\t\t\t\t\t\t\t<a class=\"elementor-icon-div\" aria-label=\"A comprehensive approach\">\t\t\t\t\t\t\t\t\t\t<div class=\"elementor-icon\">\n\t\t\t\t\t\t\t\t\t\t\t\t\t\t\t\t\t\t\t\t\t<\/div>\n\t\t\t\t\t\t\t\t\t<\/a>\t\t\t\t\t\t\t\t\t\t\t\t\t\t\t\t<div class=\"box-content\">\n\t\t\t\t\t\t\t\t\t\t\t\t\t\t\t\t\t\t\t\t\t\t\t\t\t\t\t\t\t<h4 class=\"box-heading\">\n\t\t\t\t\t\t\t\t\t\t\t<a aria-label=\"A comprehensive approach\">\t\t\t\t\t\t\t\t\t\t\t\tA comprehensive approach\t\t\t\t\t\t\t\t\t\t\t<\/a>\t\t\t\t\t\t\t\t\t\t<\/h4>\n\t\t\t\t\t\t\t\t\t\t\t\t\t\t\t\t\t\t\t\t\t\t\t\t\t\t\t\t<div class=\"box-description\">The story we build with you is never just about your branded products. Our holistic approach also allows us to develop a creative message that takes into account your company's identity and the occasion on which you are gifting.<\/div>\n\t\t\t\t\t\t\t\t\t\t\t\t\t\t\t\t\t\t\t\t\t\t\t\t\t\t<\/div>\n\t\t\t\t\t\t\t<\/div>\n\t\t\t\t\t\t<\/div>\t\t\t\t\t<\/div>\n\t\t\t\t\t\t\t<\/div>\n\t\t<\/div>\t\t\t\t<\/div>\n\t\t\t\t<\/div>\n\t\t\t\t\t<\/div>\n\t\t<\/div>\n\t\t\t\t\t<\/div>\n\t\t<\/section>\n\t\t\t\t<\/div>\n\t\t","protected":false},"excerpt":{"rendered":"<p>A dedicated team always by your side Do you have a question, need advice, or want us to make you an offer? Would you like to discuss good real-life examples, see some of the products live in the showroom? Contact us one way or another, we always look forward to hearing from you! Sandi Novak,&hellip;<\/p>\n","protected":false},"author":2,"featured_media":0,"parent":0,"menu_order":30,"comment_status":"closed","ping_status":"closed","template":"","meta":{"footnotes":""},"class_list":["post-89396","page","type-page","status-publish","hentry","description-off"],"_links":{"self":[{"href":"https:\/\/www.axismundi.si\/en\/wp-json\/wp\/v2\/pages\/89396","targetHints":{"allow":["GET"]}}],"collection":[{"href":"https:\/\/www.axismundi.si\/en\/wp-json\/wp\/v2\/pages"}],"about":[{"href":"https:\/\/www.axismundi.si\/en\/wp-json\/wp\/v2\/types\/page"}],"author":[{"embeddable":true,"href":"https:\/\/www.axismundi.si\/en\/wp-json\/wp\/v2\/users\/2"}],"replies":[{"embeddable":true,"href":"https:\/\/www.axismundi.si\/en\/wp-json\/wp\/v2\/comments?post=89396"}],"version-history":[{"count":0,"href":"https:\/\/www.axismundi.si\/en\/wp-json\/wp\/v2\/pages\/89396\/revisions"}],"wp:attachment":[{"href":"https:\/\/www.axismundi.si\/en\/wp-json\/wp\/v2\/media?parent=89396"}],"curies":[{"name":"wp","href":"https:\/\/api.w.org\/{rel}","templated":true}]}}